{"id":14,"date":"2017-11-07T09:59:47","date_gmt":"2017-11-07T08:59:47","guid":{"rendered":"http:\/\/wohnmobilvermietung-dietz.de\/?page_id=14"},"modified":"2026-04-06T14:28:51","modified_gmt":"2026-04-06T12:28:51","slug":"impressum","status":"publish","type":"page","link":"https:\/\/wohnmobilvermietung-dietz.de\/index.php\/impressum\/","title":{"rendered":"Impressum"},"content":{"rendered":"<h2><span style=\"color: #003e6f;\">Impressum<\/span><\/h2>\n<p>Wohnmobilvermietung Dietz<\/p>\n<table style=\"width: 517px;\">\n<tbody>\n<tr>\n<td style=\"width: 182px;\"><b>Internet<\/b>:<\/td>\n<td style=\"width: 299px;\">www.wohnmobilvermietung-dietz.de<\/td>\n<\/tr>\n<tr>\n<td style=\"width: 182px;\"><b>Email<\/b>:<\/td>\n<td style=\"width: 299px;\">wohnmobilvermietung-dietz@web.de<\/td>\n<\/tr>\n<tr>\n<td style=\"width: 182px;\"><b>Telefon<\/b>:<\/td>\n<td style=\"width: 299px;\">0421 \/ 1633782<\/td>\n<\/tr>\n<tr>\n<td style=\"width: 182px;\"><b>Fax<\/b>:<\/td>\n<td style=\"width: 299px;\">03212 \/ 1633783<\/td>\n<\/tr>\n<tr>\n<td style=\"width: 182px;\"><\/td>\n<td style=\"width: 299px;\"><\/td>\n<\/tr>\n<\/tbody>\n<\/table>\n<p><b>Inhaber und Herausgeber:<\/b><\/p>\n<p>Wohnmobilvermietung Dietz &#8211; Gewerbepark Ritterhude<br \/>\nRohwedderstr. 2-6<br \/>\n27721 Ritterhude<\/p>\n<p>Finanzamt Osterholz Scharmbeck<br \/>\nSt.Nr.: 36\/109\/10242<\/p>\n<p><b>Haftungshinweis:<\/b><\/p>\n<p>Trotz sorgf\u00e4ltiger inhaltlicher Kontrolle \u00fcbernehmen wir keine Haftung f\u00fcr die Inhalte externer Links. F\u00fcr den Inhalt der verlinkten Seiten sind ausschlie\u00dflich deren Betreiber verantwortlich.<\/p>\n","protected":false},"excerpt":{"rendered":"<p>Impressum Wohnmobilvermietung Dietz Internet: www.wohnmobilvermietung-dietz.de Email: wohnmobilvermietung-dietz@web.de Telefon: 0421 \/ 1633782 Fax: 03212 \/ 1633783 Inhaber und Herausgeber: Wohnmobilvermietung Dietz &#8211; Gewerbepark Ritterhude Rohwedderstr. 2-6 27721 Ritterhude Finanzamt Osterholz Scharmbeck St.Nr.: 36\/109\/10242 Haftungshinweis: Trotz sorgf\u00e4ltiger inhaltlicher Kontrolle \u00fcbernehmen wir keine Haftung f\u00fcr die Inhalte externer Links. F\u00fcr den Inhalt der verlinkten Seiten sind ausschlie\u00dflich deren &#8230; <a title=\"Impressum\" class=\"read-more\" href=\"https:\/\/wohnmobilvermietung-dietz.de\/index.php\/impressum\/\">Weiterlesen<span class=\"screen-reader-text\">Impressum<\/span><\/a><\/p>\n","protected":false},"author":1,"featured_media":0,"parent":0,"menu_order":0,"comment_status":"closed","ping_status":"closed","template":"","meta":{"generate_page_header":"","footnotes":""},"class_list":["post-14","page","type-page","status-publish"],"yoast_head":"<!-- This site is optimized with the Yoast SEO plugin v23.2 - https:\/\/yoast.com\/wordpress\/plugins\/seo\/ -->\n<title>Impressum - Wohnmobilvermietung Dietz<\/title>\n<meta name=\"robots\" content=\"index, follow, max-snippet:-1, max-image-preview:large, max-video-preview:-1\" \/>\n<link rel=\"canonical\" href=\"https:\/\/wohnmobilvermietung-dietz.de\/index.php\/impressum\/\" \/>\n<meta property=\"og:locale\" content=\"de_DE\" \/>\n<meta property=\"og:type\" content=\"article\" \/>\n<meta property=\"og:title\" content=\"Impressum - Wohnmobilvermietung Dietz\" \/>\n<meta property=\"og:description\" content=\"Impressum Wohnmobilvermietung Dietz Internet: www.wohnmobilvermietung-dietz.de Email: wohnmobilvermietung-dietz@web.de Telefon: 0421 \/ 1633782 Fax: 03212 \/ 1633783 Inhaber und Herausgeber: Wohnmobilvermietung Dietz &#8211; Gewerbepark Ritterhude Rohwedderstr. 2-6 27721 Ritterhude Finanzamt Osterholz Scharmbeck St.Nr.: 36\/109\/10242 Haftungshinweis: Trotz sorgf\u00e4ltiger inhaltlicher Kontrolle \u00fcbernehmen wir keine Haftung f\u00fcr die Inhalte externer Links. F\u00fcr den Inhalt der verlinkten Seiten sind ausschlie\u00dflich deren ... WeiterlesenImpressum\" \/>\n<meta property=\"og:url\" content=\"https:\/\/wohnmobilvermietung-dietz.de\/index.php\/impressum\/\" \/>\n<meta property=\"og:site_name\" content=\"Wohnmobilvermietung Dietz\" \/>\n<meta property=\"article:modified_time\" content=\"2026-04-06T12:28:51+00:00\" \/>\n<meta name=\"twitter:card\" content=\"summary_large_image\" \/>\n<meta name=\"twitter:label1\" content=\"Gesch\u00e4tzte Lesezeit\" \/>\n\t<meta name=\"twitter:data1\" content=\"1\u00a0Minute\" \/>\n<script type=\"application\/ld+json\" class=\"yoast-schema-graph\">{\"@context\":\"https:\/\/schema.org\",\"@graph\":[{\"@type\":\"WebPage\",\"@id\":\"https:\/\/wohnmobilvermietung-dietz.de\/index.php\/impressum\/\",\"url\":\"https:\/\/wohnmobilvermietung-dietz.de\/index.php\/impressum\/\",\"name\":\"Impressum - Wohnmobilvermietung Dietz\",\"isPartOf\":{\"@id\":\"https:\/\/wohnmobilvermietung-dietz.de\/#website\"},\"datePublished\":\"2017-11-07T08:59:47+00:00\",\"dateModified\":\"2026-04-06T12:28:51+00:00\",\"breadcrumb\":{\"@id\":\"https:\/\/wohnmobilvermietung-dietz.de\/index.php\/impressum\/#breadcrumb\"},\"inLanguage\":\"de\",\"potentialAction\":[{\"@type\":\"ReadAction\",\"target\":[\"https:\/\/wohnmobilvermietung-dietz.de\/index.php\/impressum\/\"]}]},{\"@type\":\"BreadcrumbList\",\"@id\":\"https:\/\/wohnmobilvermietung-dietz.de\/index.php\/impressum\/#breadcrumb\",\"itemListElement\":[{\"@type\":\"ListItem\",\"position\":1,\"name\":\"Startseite\",\"item\":\"https:\/\/wohnmobilvermietung-dietz.de\/\"},{\"@type\":\"ListItem\",\"position\":2,\"name\":\"Impressum\"}]},{\"@type\":\"WebSite\",\"@id\":\"https:\/\/wohnmobilvermietung-dietz.de\/#website\",\"url\":\"https:\/\/wohnmobilvermietung-dietz.de\/\",\"name\":\"Wohnmobilvermietung Dietz\",\"description\":\"grenzenlose Freiheit und Flexibilt\u00e4t\",\"publisher\":{\"@id\":\"https:\/\/wohnmobilvermietung-dietz.de\/#organization\"},\"potentialAction\":[{\"@type\":\"SearchAction\",\"target\":{\"@type\":\"EntryPoint\",\"urlTemplate\":\"https:\/\/wohnmobilvermietung-dietz.de\/?s={search_term_string}\"},\"query-input\":\"required name=search_term_string\"}],\"inLanguage\":\"de\"},{\"@type\":\"Organization\",\"@id\":\"https:\/\/wohnmobilvermietung-dietz.de\/#organization\",\"name\":\"Wohnmobilvermietung Dietz\",\"url\":\"https:\/\/wohnmobilvermietung-dietz.de\/\",\"logo\":{\"@type\":\"ImageObject\",\"inLanguage\":\"de\",\"@id\":\"https:\/\/wohnmobilvermietung-dietz.de\/#\/schema\/logo\/image\/\",\"url\":\"https:\/\/wohnmobilvermietung-dietz.de\/wp-content\/uploads\/2017\/11\/Wohnmobilvermietung-Dietz-Logo.png\",\"contentUrl\":\"https:\/\/wohnmobilvermietung-dietz.de\/wp-content\/uploads\/2017\/11\/Wohnmobilvermietung-Dietz-Logo.png\",\"width\":886,\"height\":116,\"caption\":\"Wohnmobilvermietung Dietz\"},\"image\":{\"@id\":\"https:\/\/wohnmobilvermietung-dietz.de\/#\/schema\/logo\/image\/\"}}]}<\/script>\n<!-- \/ Yoast SEO plugin. -->","yoast_head_json":{"title":"Impressum - Wohnmobilvermietung Dietz","robots":{"index":"index","follow":"follow","max-snippet":"max-snippet:-1","max-image-preview":"max-image-preview:large","max-video-preview":"max-video-preview:-1"},"canonical":"https:\/\/wohnmobilvermietung-dietz.de\/index.php\/impressum\/","og_locale":"de_DE","og_type":"article","og_title":"Impressum - Wohnmobilvermietung Dietz","og_description":"Impressum Wohnmobilvermietung Dietz Internet: www.wohnmobilvermietung-dietz.de Email: wohnmobilvermietung-dietz@web.de Telefon: 0421 \/ 1633782 Fax: 03212 \/ 1633783 Inhaber und Herausgeber: Wohnmobilvermietung Dietz &#8211; Gewerbepark Ritterhude Rohwedderstr. 2-6 27721 Ritterhude Finanzamt Osterholz Scharmbeck St.Nr.: 36\/109\/10242 Haftungshinweis: Trotz sorgf\u00e4ltiger inhaltlicher Kontrolle \u00fcbernehmen wir keine Haftung f\u00fcr die Inhalte externer Links. F\u00fcr den Inhalt der verlinkten Seiten sind ausschlie\u00dflich deren ... WeiterlesenImpressum","og_url":"https:\/\/wohnmobilvermietung-dietz.de\/index.php\/impressum\/","og_site_name":"Wohnmobilvermietung Dietz","article_modified_time":"2026-04-06T12:28:51+00:00","twitter_card":"summary_large_image","twitter_misc":{"Gesch\u00e4tzte Lesezeit":"1\u00a0Minute"},"schema":{"@context":"https:\/\/schema.org","@graph":[{"@type":"WebPage","@id":"https:\/\/wohnmobilvermietung-dietz.de\/index.php\/impressum\/","url":"https:\/\/wohnmobilvermietung-dietz.de\/index.php\/impressum\/","name":"Impressum - Wohnmobilvermietung Dietz","isPartOf":{"@id":"https:\/\/wohnmobilvermietung-dietz.de\/#website"},"datePublished":"2017-11-07T08:59:47+00:00","dateModified":"2026-04-06T12:28:51+00:00","breadcrumb":{"@id":"https:\/\/wohnmobilvermietung-dietz.de\/index.php\/impressum\/#breadcrumb"},"inLanguage":"de","potentialAction":[{"@type":"ReadAction","target":["https:\/\/wohnmobilvermietung-dietz.de\/index.php\/impressum\/"]}]},{"@type":"BreadcrumbList","@id":"https:\/\/wohnmobilvermietung-dietz.de\/index.php\/impressum\/#breadcrumb","itemListElement":[{"@type":"ListItem","position":1,"name":"Startseite","item":"https:\/\/wohnmobilvermietung-dietz.de\/"},{"@type":"ListItem","position":2,"name":"Impressum"}]},{"@type":"WebSite","@id":"https:\/\/wohnmobilvermietung-dietz.de\/#website","url":"https:\/\/wohnmobilvermietung-dietz.de\/","name":"Wohnmobilvermietung Dietz","description":"grenzenlose Freiheit und Flexibilt\u00e4t","publisher":{"@id":"https:\/\/wohnmobilvermietung-dietz.de\/#organization"},"potentialAction":[{"@type":"SearchAction","target":{"@type":"EntryPoint","urlTemplate":"https:\/\/wohnmobilvermietung-dietz.de\/?s={search_term_string}"},"query-input":"required name=search_term_string"}],"inLanguage":"de"},{"@type":"Organization","@id":"https:\/\/wohnmobilvermietung-dietz.de\/#organization","name":"Wohnmobilvermietung Dietz","url":"https:\/\/wohnmobilvermietung-dietz.de\/","logo":{"@type":"ImageObject","inLanguage":"de","@id":"https:\/\/wohnmobilvermietung-dietz.de\/#\/schema\/logo\/image\/","url":"https:\/\/wohnmobilvermietung-dietz.de\/wp-content\/uploads\/2017\/11\/Wohnmobilvermietung-Dietz-Logo.png","contentUrl":"https:\/\/wohnmobilvermietung-dietz.de\/wp-content\/uploads\/2017\/11\/Wohnmobilvermietung-Dietz-Logo.png","width":886,"height":116,"caption":"Wohnmobilvermietung Dietz"},"image":{"@id":"https:\/\/wohnmobilvermietung-dietz.de\/#\/schema\/logo\/image\/"}}]}},"_links":{"self":[{"href":"https:\/\/wohnmobilvermietung-dietz.de\/index.php\/wp-json\/wp\/v2\/pages\/14"}],"collection":[{"href":"https:\/\/wohnmobilvermietung-dietz.de\/index.php\/wp-json\/wp\/v2\/pages"}],"about":[{"href":"https:\/\/wohnmobilvermietung-dietz.de\/index.php\/wp-json\/wp\/v2\/types\/page"}],"author":[{"embeddable":true,"href":"https:\/\/wohnmobilvermietung-dietz.de\/index.php\/wp-json\/wp\/v2\/users\/1"}],"replies":[{"embeddable":true,"href":"https:\/\/wohnmobilvermietung-dietz.de\/index.php\/wp-json\/wp\/v2\/comments?post=14"}],"version-history":[{"count":5,"href":"https:\/\/wohnmobilvermietung-dietz.de\/index.php\/wp-json\/wp\/v2\/pages\/14\/revisions"}],"predecessor-version":[{"id":577,"href":"https:\/\/wohnmobilvermietung-dietz.de\/index.php\/wp-json\/wp\/v2\/pages\/14\/revisions\/577"}],"wp:attachment":[{"href":"https:\/\/wohnmobilvermietung-dietz.de\/index.php\/wp-json\/wp\/v2\/media?parent=14"}],"curies":[{"name":"wp","href":"https:\/\/api.w.org\/{rel}","templated":true}]}}